{"id":65,"date":"2024-05-14T15:00:17","date_gmt":"2024-05-14T15:00:17","guid":{"rendered":"https:\/\/www.aidergomera.es\/casamieldepalma\/?page_id=65"},"modified":"2024-05-14T15:00:18","modified_gmt":"2024-05-14T15:00:18","slug":"politica-de-cookies","status":"publish","type":"page","link":"https:\/\/www.aidergomera.es\/casamieldepalma\/politica-de-cookies\/","title":{"rendered":"Pol\u00edtica de Cookies"},"content":{"rendered":"\n[et_pb_section fb_built=\u00bb1&#8243; admin_label=\u00bbText\u00bb _builder_version=\u00bb4.18.0&#8243; _module_preset=\u00bbdefault\u00bb locked=\u00bboff\u00bb collapsed=\u00bbon\u00bb global_colors_info=\u00bb{}\u00bb theme_builder_area=\u00bbpost_content\u00bb][et_pb_row _builder_version=\u00bb4.24.2&#8243; _module_preset=\u00bb5138c454-be54-4233-bd3b-f8e6a8747976&#8243; locked=\u00bboff\u00bb global_colors_info=\u00bb{}\u00bb theme_builder_area=\u00bbpost_content\u00bb][et_pb_column type=\u00bb4_4&#8243; _builder_version=\u00bb4.23.1&#8243; _module_preset=\u00bb73121f80-a3ef-4484-8763-c3f18e3c56d2&#8243; global_colors_info=\u00bb{}\u00bb theme_builder_area=\u00bbpost_content\u00bb][et_pb_heading title=\u00bbPol\u00edtica de cookies\u00bb _builder_version=\u00bb4.25.1&#8243; _module_preset=\u00bbddeb8c09-9078-4424-bc15-2efb6572e28e\u00bb title_font=\u00bbCormorant Garamond|Cormorant Garamond_weight|||||||\u00bb title_text_color=\u00bb#0e0c19&#8243; title_font_size=\u00bb72px\u00bb title_line_height=\u00bb1.15em\u00bb hover_enabled=\u00bb0&#8243; title_font_size_tablet=\u00bb40px\u00bb title_font_size_phone=\u00bb24px\u00bb title_font_size_last_edited=\u00bbon|phone\u00bb locked=\u00bboff\u00bb global_colors_info=\u00bb{}\u00bb theme_builder_area=\u00bbpost_content\u00bb sticky_enabled=\u00bb0&#8243;][\/et_pb_heading][et_pb_text quote_border_color=\u00bb#6a994e\u00bb _builder_version=\u00bb4.25.1&#8243; _module_preset=\u00bb2c55a9c4-feed-423b-9edb-ae0b5b365cac\u00bb text_font=\u00bbProza Libre|Proza Libre_weight|||||||\u00bb text_text_color=\u00bb#3c3a47&#8243; text_font_size=\u00bb16px\u00bb text_line_height=\u00bb1.75em\u00bb link_font=\u00bb|Proza Libre_weight|||||||\u00bb link_text_color=\u00bb#386641&#8243; quote_font=\u00bbCormorant Garamond|Cormorant Garamond_weight|||||||\u00bb quote_text_color=\u00bb#0e0c19&#8243; header_font=\u00bbCormorant Garamond|Cormorant Garamond_weight|||||||\u00bb header_text_color=\u00bb#0e0c19&#8243; header_font_size=\u00bb72px\u00bb header_line_height=\u00bb1.15em\u00bb header_2_font=\u00bbCormorant Garamond|Cormorant Garamond_weight|||||||\u00bb header_2_text_color=\u00bb#0e0c19&#8243; header_2_font_size=\u00bb50px\u00bb header_2_line_height=\u00bb1.2em\u00bb header_3_font=\u00bbCormorant Garamond|Cormorant Garamond_weight|||||||\u00bb header_3_text_color=\u00bb#0e0c19&#8243; header_3_font_size=\u00bb32px\u00bb header_3_line_height=\u00bb1.3em\u00bb header_4_font=\u00bbCormorant Garamond|Cormorant Garamond_weight|||||||\u00bb header_4_text_color=\u00bb#0e0c19&#8243; header_4_font_size=\u00bb24px\u00bb header_4_line_height=\u00bb1.4em\u00bb header_5_font=\u00bbCormorant Garamond|Cormorant Garamond_weight|||||||\u00bb header_5_text_color=\u00bb#0e0c19&#8243; header_5_font_size=\u00bb18px\u00bb header_5_line_height=\u00bb1.4em\u00bb header_6_font=\u00bbCormorant Garamond|Cormorant Garamond_weight|||||||\u00bb header_6_text_color=\u00bb#0e0c19&#8243; header_6_line_height=\u00bb1.5em\u00bb custom_margin=\u00bb||||false|false\u00bb hover_enabled=\u00bb0&#8243; text_font_size_tablet=\u00bb15px\u00bb text_font_size_phone=\u00bb14px\u00bb text_font_size_last_edited=\u00bbon|phone\u00bb header_font_size_tablet=\u00bb40px\u00bb header_font_size_phone=\u00bb24px\u00bb header_font_size_last_edited=\u00bbon|desktop\u00bb header_2_font_size_tablet=\u00bb28px\u00bb header_2_font_size_phone=\u00bb20px\u00bb header_2_font_size_last_edited=\u00bbon|phone\u00bb header_3_font_size_tablet=\u00bb22px\u00bb header_3_font_size_phone=\u00bb17px\u00bb header_3_font_size_last_edited=\u00bbon|phone\u00bb header_4_font_size_tablet=\u00bb18px\u00bb header_4_font_size_phone=\u00bb15px\u00bb header_4_font_size_last_edited=\u00bbon|tablet\u00bb header_5_font_size_tablet=\u00bb15px\u00bb header_5_font_size_phone=\u00bb14px\u00bb header_5_font_size_last_edited=\u00bbon|desktop\u00bb header_6_font_size_tablet=\u00bb13px\u00bb header_6_font_size_phone=\u00bb13px\u00bb header_6_font_size_last_edited=\u00bbon|desktop\u00bb locked=\u00bboff\u00bb global_colors_info=\u00bb{}\u00bb theme_builder_area=\u00bbpost_content\u00bb sticky_enabled=\u00bb0&#8243;]<p><strong>INFORMACI\u00d3N SOBRE COOKIES<\/strong><\/p>\n<p>Debido a la entrada en vigor de la referente modificaci\u00f3n de la \u201cLey de Servicios de la Sociedad de la Informaci\u00f3n\u201d (LSSICE) establecida por el Real Decreto 13\/2012, es de obligaci\u00f3n obtener el consentimiento expreso del usuario de todas las p\u00e1ginas web que usan Cookies prescindibles, antes de que \u00e9ste navegue por ellas.<\/p>\n<p><strong>1.- Definici\u00f3n y funci\u00f3n de las cookies.<\/strong><\/p>\n<p>Una cookie es un fichero que se descarga en el ordenador\/Smartphone\/Tablet (equipo) del usuario al acceder a determinadas p\u00e1ginas web para almacenar y recuperar informaci\u00f3n sobre la navegaci\u00f3n o h\u00e1bitos de navegaci\u00f3n que se efect\u00faa desde dicho equipo. Dependiendo de la informaci\u00f3n que contenga y de la forma de uso del equipo, se podr\u00eda reconocer al usuario. Para conocer m\u00e1s informaci\u00f3n sobre las cookies, \u201cAIDER La Gomera\u201d le invita a acceder al siguiente enlace: .<\/p>\n<p><strong>2.- Qu\u00e9 tipos de cookies utiliza http:\/\/www.aidergomera.es\/<\/strong><\/p>\n<p><strong>Cookies propias:<\/strong><span>\u00a0<\/span>Son aqu\u00e9llas que se env\u00edan al equipo terminal del usuario desde un equipo o dominio gestionado por el propio editor y desde el que se presta el servicio solicitado por el usuario.<\/p>\n<p><strong>Cookies de tercero:<\/strong><span>\u00a0<\/span>Son aqu\u00e9llas que se env\u00edan al equipo terminal del usuario desde un equipo o dominio que no es gestionado por el editor, sino por otra entidad que trata los datos obtenidos trav\u00e9s de las cookies.<\/p>\n<p><strong>Cookies de sesi\u00f3n:<\/strong><span>\u00a0<\/span>Son un tipo de cookies dise\u00f1adas para recabar y almacenar datos mientras el usuario accede a una p\u00e1gina web.<\/p>\n<p><strong>Cookies persistentes:<\/strong><span>\u00a0<\/span>Son un tipo de cookies en el que los datos siguen almacenados en el terminal y pueden ser accedidos y tratados durante un periodo definido por el responsable de la cookie y que puede ir de unos minutos a varios a\u00f1os.<\/p>\n<p><strong>Cookies de an\u00e1lisis:<\/strong><span>\u00a0<\/span>Son aqu\u00e9llas que bien tratadas por nosotros o por terceros, nos permiten cuantificar el n\u00famero de usuarios y as\u00ed realizar la medici\u00f3n y an\u00e1lisis estad\u00edstico de la utilizaci\u00f3n que hacen los usuarios del servicio ofertado. Para ello se analiza su navegaci\u00f3n en nuestra p\u00e1gina web con el fin de mejorar la oferta de productos o servicios que le ofrecemos.<\/p>\n<p><strong>2.1 Sobre los tipos de cookies, existen cinco grandes grupos:<\/strong><\/p>\n<p><strong>Cookies anal\u00edticas:<\/strong><span>\u00a0<\/span>recogen informaci\u00f3n del uso que se realiza del sitio web.<\/p>\n<p><strong>Cookies sociales<\/strong>: son aquellas necesarias para redes sociales externas.<\/p>\n<p><strong>Cookies de afiliados:<\/strong><span>\u00a0<\/span>permiten hacer un seguimiento de las visitas procedentes de otras webs, con las que el sitio web establece un contrato de afiliaci\u00f3n (empresas de afiliaci\u00f3n)<\/p>\n<p><strong>Cookies de publicidad y comportamentales:<\/strong><span>\u00a0<\/span>recogen informaci\u00f3n sobre las preferencias y elecciones personales del usuario (retargeting).<\/p>\n<p><strong>Cookies t\u00e9cnicas y funcionales:<\/strong><span>\u00a0<\/span>son las estrictamente necesarias para el uso del sitio web y para la prestaci\u00f3n del servicio contratado.<\/p>\n<p><strong>3.- Desactivaci\u00f3n, revocaci\u00f3n o eliminaci\u00f3n de cookies.<\/strong><\/p>\n<p>El usuario podr\u00e1, en cualquier momento, permitir, bloquear o eliminar las cookies instaladas en su equipo mediante la configuraci\u00f3n de las opciones del navegador, en caso que no permita la instalaci\u00f3n de cookies en su navegador es posible que no pueda acceder a alguna de las secciones de nuestra web.<\/p>\n<p><strong>La configuraci\u00f3n del navegador; por ejemplo:<\/strong><\/p>\n<p><strong>Chrome,<span>\u00a0<\/span><\/strong>desde http:\/\/support.google.com\/chrome\/bin\/answer.py?hl=es&amp;answer=95647<\/p>\n<p><strong>Explore<\/strong>r, desde http:\/\/windows.microsoft.com\/es-es\/windows7\/how-to-manage-cookies-in-internet-explorer-9<\/p>\n<p><strong>Firefox<\/strong>, desde http:\/\/support.mozilla.org\/es\/kb\/habilitar-y-deshabilitar-cookies-que-los-sitios-we<\/p>\n<p><strong>Safari<\/strong>, desde http:\/\/support.apple.com\/kb\/ph5042<\/p>\n<p><strong>\u00d3pera<\/strong>, desde http:\/\/help.opera.com\/Linux\/10.60\/es-ES\/cookies.html<\/p>\n<p><strong>Los sistemas de opt-out espec\u00edficos<\/strong>, respecto de la cookie de que se trate (estos sistemas pueden conllevar que se instale en su equipo una cookie \u00abde rechazo\u00bb para que funcione su elecci\u00f3n de desactivaci\u00f3n);<\/p>\n<p><strong>Otras herramientas de terceros<\/strong>, disponibles on line, que permiten a los usuarios detectar las cookies en cada sitio web que visita y gestionar su desactivaci\u00f3n (por ejemplo, Ghostery: http:\/\/www.ghostery.com\/privacy-statement, http:\/\/www.ghostery.com\/faq).<\/p>\n<p><strong>4.- Cookies utilizadas.<\/strong><\/p>\n<p>\u201cAIDER La Gomera\u201d utiliza en este sitio web las siguientes cookies que se detallan a continuaci\u00f3n:<\/p>\n<p><strong>Cookies Anal\u00edticas<\/strong><\/p>\n<ul>\n<li><strong>utma<\/strong>: Se utiliza para hacer un recuento de cuantas veces visita el sitio un usuario. Caduca a los 2 a\u00f1os.<\/li>\n<li><strong>utmz:<\/strong><span>\u00a0<\/span>Se utiliza para saber c\u00f3mo ha llegado un usuario a la web. Caduca a los 6 meses<\/li>\n<\/ul>[\/et_pb_text][\/et_pb_column][\/et_pb_row][\/et_pb_section]\n","protected":false},"excerpt":{"rendered":"<p>INFORMACI\u00d3N SOBRE COOKIES Debido a la entrada en vigor de la referente modificaci\u00f3n de la \u201cLey de Servicios de la Sociedad de la Informaci\u00f3n\u201d (LSSICE) establecida por el Real Decreto 13\/2012, es de obligaci\u00f3n obtener el consentimiento expreso del usuario de todas las p\u00e1ginas web que usan Cookies prescindibles, antes de que \u00e9ste navegue por [&hellip;]<\/p>\n","protected":false},"author":1,"featured_media":0,"parent":0,"menu_order":0,"comment_status":"closed","ping_status":"closed","template":"page-template-blank.php","meta":{"_et_pb_use_builder":"on","_et_pb_old_content":"","_et_gb_content_width":"","footnotes":""},"class_list":["post-65","page","type-page","status-publish","hentry"],"yoast_head":"<!-- This site is optimized with the Yoast SEO plugin v25.6 - https:\/\/yoast.com\/wordpress\/plugins\/seo\/ -->\n<title>Pol\u00edtica de Cookies<\/title>\n<meta name=\"robots\" content=\"noindex, nofollow\" \/>\n<meta property=\"og:locale\" content=\"es_ES\" \/>\n<meta property=\"og:type\" content=\"article\" \/>\n<meta property=\"og:title\" content=\"Pol\u00edtica de Cookies\" \/>\n<meta property=\"og:description\" content=\"INFORMACI\u00d3N SOBRE COOKIES Debido a la entrada en vigor de la referente modificaci\u00f3n de la \u201cLey de Servicios de la Sociedad de la Informaci\u00f3n\u201d (LSSICE) establecida por el Real Decreto 13\/2012, es de obligaci\u00f3n obtener el consentimiento expreso del usuario de todas las p\u00e1ginas web que usan Cookies prescindibles, antes de que \u00e9ste navegue por [&hellip;]\" \/>\n<meta property=\"og:url\" content=\"https:\/\/www.aidergomera.es\/casamieldepalma\/politica-de-cookies\/\" \/>\n<meta property=\"og:site_name\" content=\"Centro de Interpretaci&oacute;n: Casa de la Miel de Palma\" \/>\n<meta property=\"article:publisher\" content=\"https:\/\/www.facebook.com\/p\/Casa-de-la-Miel-de-Palma-Centro-Interpretacin-La-Gomera-100038890423535\/?paipv=0&amp;eav=AfapiGvf7D2L6iB3rc8xQRh-zr2BLCS_hcTnKMpi3iqmmnlLHlfOpgyfGYubQ64rtoQ&amp;_rdr\" \/>\n<meta property=\"article:modified_time\" content=\"2024-05-14T15:00:18+00:00\" \/>\n<meta name=\"twitter:card\" content=\"summary_large_image\" \/>\n<meta name=\"twitter:label1\" content=\"Tiempo de lectura\" \/>\n\t<meta name=\"twitter:data1\" content=\"3 minutos\" \/>\n<script type=\"application\/ld+json\" class=\"yoast-schema-graph\">{\"@context\":\"https:\/\/schema.org\",\"@graph\":[{\"@type\":\"WebPage\",\"@id\":\"https:\/\/www.aidergomera.es\/casamieldepalma\/politica-de-cookies\/\",\"url\":\"https:\/\/www.aidergomera.es\/casamieldepalma\/politica-de-cookies\/\",\"name\":\"Pol\u00edtica de Cookies\",\"isPartOf\":{\"@id\":\"https:\/\/www.aidergomera.es\/casamieldepalma\/#website\"},\"datePublished\":\"2024-05-14T15:00:17+00:00\",\"dateModified\":\"2024-05-14T15:00:18+00:00\",\"breadcrumb\":{\"@id\":\"https:\/\/www.aidergomera.es\/casamieldepalma\/politica-de-cookies\/#breadcrumb\"},\"inLanguage\":\"es\",\"potentialAction\":[{\"@type\":\"ReadAction\",\"target\":[\"https:\/\/www.aidergomera.es\/casamieldepalma\/politica-de-cookies\/\"]}]},{\"@type\":\"BreadcrumbList\",\"@id\":\"https:\/\/www.aidergomera.es\/casamieldepalma\/politica-de-cookies\/#breadcrumb\",\"itemListElement\":[{\"@type\":\"ListItem\",\"position\":1,\"name\":\"Portada\",\"item\":\"https:\/\/www.aidergomera.es\/casamieldepalma\/\"},{\"@type\":\"ListItem\",\"position\":2,\"name\":\"Pol\u00edtica de Cookies\"}]},{\"@type\":\"WebSite\",\"@id\":\"https:\/\/www.aidergomera.es\/casamieldepalma\/#website\",\"url\":\"https:\/\/www.aidergomera.es\/casamieldepalma\/\",\"name\":\"Casa de la Miel de Palma\",\"description\":\"Casa de la Miel de Palma: Centro de Interpretaci&oacute;n en el que aprender&aacute;s acerca de la cultura alrededor de la palma canaria.\",\"publisher\":{\"@id\":\"https:\/\/www.aidergomera.es\/casamieldepalma\/#organization\"},\"potentialAction\":[{\"@type\":\"SearchAction\",\"target\":{\"@type\":\"EntryPoint\",\"urlTemplate\":\"https:\/\/www.aidergomera.es\/casamieldepalma\/?s={search_term_string}\"},\"query-input\":{\"@type\":\"PropertyValueSpecification\",\"valueRequired\":true,\"valueName\":\"search_term_string\"}}],\"inLanguage\":\"es\"},{\"@type\":\"Organization\",\"@id\":\"https:\/\/www.aidergomera.es\/casamieldepalma\/#organization\",\"name\":\"Aider\",\"url\":\"https:\/\/www.aidergomera.es\/casamieldepalma\/\",\"logo\":{\"@type\":\"ImageObject\",\"inLanguage\":\"es\",\"@id\":\"https:\/\/www.aidergomera.es\/casamieldepalma\/#\/schema\/logo\/image\/\",\"url\":\"https:\/\/www.aidergomera.es\/casamieldepalma\/wp-content\/uploads\/2024\/05\/Copia-de-Logo.png\",\"contentUrl\":\"https:\/\/www.aidergomera.es\/casamieldepalma\/wp-content\/uploads\/2024\/05\/Copia-de-Logo.png\",\"width\":330,\"height\":333,\"caption\":\"Aider\"},\"image\":{\"@id\":\"https:\/\/www.aidergomera.es\/casamieldepalma\/#\/schema\/logo\/image\/\"},\"sameAs\":[\"https:\/\/www.facebook.com\/p\/Casa-de-la-Miel-de-Palma-Centro-Interpretacin-La-Gomera-100038890423535\/?paipv=0&eav=AfapiGvf7D2L6iB3rc8xQRh-zr2BLCS_hcTnKMpi3iqmmnlLHlfOpgyfGYubQ64rtoQ&_rdr\",\"https:\/\/www.instagram.com\/casa_de_la_miel_de_palma\/\"]}]}<\/script>\n<!-- \/ Yoast SEO plugin. -->","yoast_head_json":{"title":"Pol\u00edtica de Cookies","robots":{"index":"noindex","follow":"nofollow"},"og_locale":"es_ES","og_type":"article","og_title":"Pol\u00edtica de Cookies","og_description":"INFORMACI\u00d3N SOBRE COOKIES Debido a la entrada en vigor de la referente modificaci\u00f3n de la \u201cLey de Servicios de la Sociedad de la Informaci\u00f3n\u201d (LSSICE) establecida por el Real Decreto 13\/2012, es de obligaci\u00f3n obtener el consentimiento expreso del usuario de todas las p\u00e1ginas web que usan Cookies prescindibles, antes de que \u00e9ste navegue por [&hellip;]","og_url":"https:\/\/www.aidergomera.es\/casamieldepalma\/politica-de-cookies\/","og_site_name":"Centro de Interpretaci&oacute;n: Casa de la Miel de Palma","article_publisher":"https:\/\/www.facebook.com\/p\/Casa-de-la-Miel-de-Palma-Centro-Interpretacin-La-Gomera-100038890423535\/?paipv=0&eav=AfapiGvf7D2L6iB3rc8xQRh-zr2BLCS_hcTnKMpi3iqmmnlLHlfOpgyfGYubQ64rtoQ&_rdr","article_modified_time":"2024-05-14T15:00:18+00:00","twitter_card":"summary_large_image","twitter_misc":{"Tiempo de lectura":"3 minutos"},"schema":{"@context":"https:\/\/schema.org","@graph":[{"@type":"WebPage","@id":"https:\/\/www.aidergomera.es\/casamieldepalma\/politica-de-cookies\/","url":"https:\/\/www.aidergomera.es\/casamieldepalma\/politica-de-cookies\/","name":"Pol\u00edtica de Cookies","isPartOf":{"@id":"https:\/\/www.aidergomera.es\/casamieldepalma\/#website"},"datePublished":"2024-05-14T15:00:17+00:00","dateModified":"2024-05-14T15:00:18+00:00","breadcrumb":{"@id":"https:\/\/www.aidergomera.es\/casamieldepalma\/politica-de-cookies\/#breadcrumb"},"inLanguage":"es","potentialAction":[{"@type":"ReadAction","target":["https:\/\/www.aidergomera.es\/casamieldepalma\/politica-de-cookies\/"]}]},{"@type":"BreadcrumbList","@id":"https:\/\/www.aidergomera.es\/casamieldepalma\/politica-de-cookies\/#breadcrumb","itemListElement":[{"@type":"ListItem","position":1,"name":"Portada","item":"https:\/\/www.aidergomera.es\/casamieldepalma\/"},{"@type":"ListItem","position":2,"name":"Pol\u00edtica de Cookies"}]},{"@type":"WebSite","@id":"https:\/\/www.aidergomera.es\/casamieldepalma\/#website","url":"https:\/\/www.aidergomera.es\/casamieldepalma\/","name":"Casa de la Miel de Palma","description":"Casa de la Miel de Palma: Centro de Interpretaci&oacute;n en el que aprender&aacute;s acerca de la cultura alrededor de la palma canaria.","publisher":{"@id":"https:\/\/www.aidergomera.es\/casamieldepalma\/#organization"},"potentialAction":[{"@type":"SearchAction","target":{"@type":"EntryPoint","urlTemplate":"https:\/\/www.aidergomera.es\/casamieldepalma\/?s={search_term_string}"},"query-input":{"@type":"PropertyValueSpecification","valueRequired":true,"valueName":"search_term_string"}}],"inLanguage":"es"},{"@type":"Organization","@id":"https:\/\/www.aidergomera.es\/casamieldepalma\/#organization","name":"Aider","url":"https:\/\/www.aidergomera.es\/casamieldepalma\/","logo":{"@type":"ImageObject","inLanguage":"es","@id":"https:\/\/www.aidergomera.es\/casamieldepalma\/#\/schema\/logo\/image\/","url":"https:\/\/www.aidergomera.es\/casamieldepalma\/wp-content\/uploads\/2024\/05\/Copia-de-Logo.png","contentUrl":"https:\/\/www.aidergomera.es\/casamieldepalma\/wp-content\/uploads\/2024\/05\/Copia-de-Logo.png","width":330,"height":333,"caption":"Aider"},"image":{"@id":"https:\/\/www.aidergomera.es\/casamieldepalma\/#\/schema\/logo\/image\/"},"sameAs":["https:\/\/www.facebook.com\/p\/Casa-de-la-Miel-de-Palma-Centro-Interpretacin-La-Gomera-100038890423535\/?paipv=0&eav=AfapiGvf7D2L6iB3rc8xQRh-zr2BLCS_hcTnKMpi3iqmmnlLHlfOpgyfGYubQ64rtoQ&_rdr","https:\/\/www.instagram.com\/casa_de_la_miel_de_palma\/"]}]}},"_links":{"self":[{"href":"https:\/\/www.aidergomera.es\/casamieldepalma\/wp-json\/wp\/v2\/pages\/65"}],"collection":[{"href":"https:\/\/www.aidergomera.es\/casamieldepalma\/wp-json\/wp\/v2\/pages"}],"about":[{"href":"https:\/\/www.aidergomera.es\/casamieldepalma\/wp-json\/wp\/v2\/types\/page"}],"author":[{"embeddable":true,"href":"https:\/\/www.aidergomera.es\/casamieldepalma\/wp-json\/wp\/v2\/users\/1"}],"replies":[{"embeddable":true,"href":"https:\/\/www.aidergomera.es\/casamieldepalma\/wp-json\/wp\/v2\/comments?post=65"}],"version-history":[{"count":4,"href":"https:\/\/www.aidergomera.es\/casamieldepalma\/wp-json\/wp\/v2\/pages\/65\/revisions"}],"predecessor-version":[{"id":70,"href":"https:\/\/www.aidergomera.es\/casamieldepalma\/wp-json\/wp\/v2\/pages\/65\/revisions\/70"}],"wp:attachment":[{"href":"https:\/\/www.aidergomera.es\/casamieldepalma\/wp-json\/wp\/v2\/media?parent=65"}],"curies":[{"name":"wp","href":"https:\/\/api.w.org\/{rel}","templated":true}]}}